{"id":1159,"date":"2025-01-06T13:29:11","date_gmt":"2025-01-06T13:29:11","guid":{"rendered":"https:\/\/cbdxtremsports.fr\/?page_id=1159"},"modified":"2025-01-06T15:08:59","modified_gmt":"2025-01-06T15:08:59","slug":"cbd-xtrem-sports","status":"publish","type":"page","link":"https:\/\/cbdxtremsports.fr\/","title":{"rendered":"CBD XTREM SPORTS"},"content":{"rendered":"\t\t<div data-elementor-type=\"wp-page\" data-elementor-id=\"1159\" class=\"elementor elementor-1159\">\n\t\t\t\t\t\t<section class=\"elementor-section elementor-top-section elementor-element elementor-element-db162cc elementor-section-full_width elementor-section-height-default elementor-section-height-default\" data-id=\"db162cc\" data-element_type=\"section\" data-e-type=\"section\" data-settings=\"{&quot;ekit_has_onepagescroll_dot&quot;:&quot;yes&quot;}\">\n\t\t\t\t\t\t<div class=\"elementor-container elementor-column-gap-default\">\n\t\t\t\t\t<div class=\"elementor-column elementor-col-100 elementor-top-column elementor-element elementor-element-85967c8\" data-id=\"85967c8\" data-element_type=\"column\" data-e-type=\"column\">\n\t\t\t<div class=\"elementor-widget-wrap elementor-element-populated\">\n\t\t\t\t\t\t<div class=\"elementor-element elementor-element-c8bab77 elementor-widget elementor-widget-image\" data-id=\"c8bab77\" data-element_type=\"widget\" data-e-type=\"widget\" data-settings=\"{&quot;ekit_we_effect_on&quot;:&quot;none&quot;}\" data-widget_type=\"image.default\">\n\t\t\t\t<div class=\"elementor-widget-container\">\n\t\t\t\t\t\t\t\t\t\t\t\t\t\t\t<img fetchpriority=\"high\" decoding=\"async\" width=\"580\" height=\"215\" src=\"https:\/\/cbdxtremsports.fr\/wp-content\/uploads\/2022\/07\/CBD_XTREM_OK.png\" class=\"attachment-large size-large wp-image-227\" alt=\"\" srcset=\"https:\/\/cbdxtremsports.fr\/wp-content\/uploads\/2022\/07\/CBD_XTREM_OK.png 820w, https:\/\/cbdxtremsports.fr\/wp-content\/uploads\/2022\/07\/CBD_XTREM_OK-300x111.png 300w, https:\/\/cbdxtremsports.fr\/wp-content\/uploads\/2022\/07\/CBD_XTREM_OK-768x285.png 768w\" sizes=\"(max-width: 580px) 100vw, 580px\" \/>\t\t\t\t\t\t\t\t\t\t\t\t\t\t\t<\/div>\n\t\t\t\t<\/div>\n\t\t\t\t\t<\/div>\n\t\t<\/div>\n\t\t\t\t\t<\/div>\n\t\t<\/section>\n\t\t\t\t<section class=\"elementor-section elementor-top-section elementor-element elementor-element-2e0ee70 elementor-section-boxed elementor-section-height-default elementor-section-height-default\" data-id=\"2e0ee70\" data-element_type=\"section\" data-e-type=\"section\" data-settings=\"{&quot;ekit_has_onepagescroll_dot&quot;:&quot;yes&quot;}\">\n\t\t\t\t\t\t<div class=\"elementor-container elementor-column-gap-default\">\n\t\t\t\t\t<div class=\"elementor-column elementor-col-100 elementor-top-column elementor-element elementor-element-f5e7d35\" data-id=\"f5e7d35\" data-element_type=\"column\" data-e-type=\"column\">\n\t\t\t<div class=\"elementor-widget-wrap elementor-element-populated\">\n\t\t\t\t\t\t<div class=\"elementor-element elementor-element-32bba11 elementor-widget elementor-widget-heading\" data-id=\"32bba11\" data-element_type=\"widget\" data-e-type=\"widget\" data-settings=\"{&quot;ekit_we_effect_on&quot;:&quot;none&quot;}\" data-widget_type=\"heading.default\">\n\t\t\t\t<div class=\"elementor-widget-container\">\n\t\t\t\t\t<h2 class=\"elementor-heading-title elementor-size-default\">Qui sommes-nous ?<\/h2>\t\t\t\t<\/div>\n\t\t\t\t<\/div>\n\t\t\t\t<div class=\"elementor-element elementor-element-5b46f89 elementor-widget elementor-widget-text-editor\" data-id=\"5b46f89\" data-element_type=\"widget\" data-e-type=\"widget\" data-settings=\"{&quot;ekit_we_effect_on&quot;:&quot;none&quot;}\" data-widget_type=\"text-editor.default\">\n\t\t\t\t<div class=\"elementor-widget-container\">\n\t\t\t\t\t\t\t\t\t<p>Chez <strong>CBD Xtrem Sports<\/strong>, nous sommes une \u00e9quipe passionn\u00e9e de sport et de bien-\u00eatre, d\u00e9di\u00e9e \u00e0 offrir des solutions naturelles pour am\u00e9liorer les performances et la r\u00e9cup\u00e9ration des athl\u00e8tes. Notre mission est de d\u00e9mocratiser l\u2019utilisation du CBD dans le monde sportif en proposant des produits de haute qualit\u00e9. Nous croyons en la puissance des ingr\u00e9dients naturels comme le CBD pour soutenir les sportifs dans leurs d\u00e9fis quotidiens, tout en favorisant un mode de vie sain et \u00e9quilibr\u00e9.<\/p><p>Notre engagement ? Allier innovation, transparence et efficacit\u00e9 pour accompagner chaque athl\u00e8te vers ses objectifs.<\/p>\t\t\t\t\t\t\t\t<\/div>\n\t\t\t\t<\/div>\n\t\t\t\t\t<\/div>\n\t\t<\/div>\n\t\t\t\t\t<\/div>\n\t\t<\/section>\n\t\t\t\t<section class=\"elementor-section elementor-inner-section elementor-element elementor-element-186e075b elementor-section-full_width elementor-section-height-default elementor-section-height-default\" data-id=\"186e075b\" data-element_type=\"section\" data-e-type=\"section\" data-settings=\"{&quot;background_background&quot;:&quot;gradient&quot;,&quot;ekit_has_onepagescroll_dot&quot;:&quot;yes&quot;}\">\n\t\t\t\t\t\t<div class=\"elementor-container elementor-column-gap-default\">\n\t\t\t\t\t<div class=\"elementor-column elementor-col-50 elementor-inner-column elementor-element elementor-element-6fd0804c\" data-id=\"6fd0804c\" data-element_type=\"column\" data-e-type=\"column\">\n\t\t\t<div class=\"elementor-widget-wrap elementor-element-populated\">\n\t\t\t\t\t\t<div class=\"elementor-element elementor-element-6134fa2a elementor-widget elementor-widget-heading\" data-id=\"6134fa2a\" data-element_type=\"widget\" data-e-type=\"widget\" data-settings=\"{&quot;ekit_we_effect_on&quot;:&quot;none&quot;}\" data-widget_type=\"heading.default\">\n\t\t\t\t<div class=\"elementor-widget-container\">\n\t\t\t\t\t<h2 class=\"elementor-heading-title elementor-size-default\">Notre produit : la cr\u00e8me musculaire CBD Xtrem Sports<\/h2>\t\t\t\t<\/div>\n\t\t\t\t<\/div>\n\t\t\t\t<div class=\"elementor-element elementor-element-2e82a610 elementor-widget elementor-widget-text-editor\" data-id=\"2e82a610\" data-element_type=\"widget\" data-e-type=\"widget\" data-settings=\"{&quot;ekit_we_effect_on&quot;:&quot;none&quot;}\" data-widget_type=\"text-editor.default\">\n\t\t\t\t<div class=\"elementor-widget-container\">\n\t\t\t\t\t\t\t\t\t<p>Appr\u00e9ciez un soulagement cibl\u00e9 gr\u00e2ce \u00e0 notre cr\u00e8me enrichie en CBD, arnica et menthol. Id\u00e9ale pour apaiser les douleurs, r\u00e9duire les inflammations et favoriser une r\u00e9cup\u00e9ration rapide, elle offre une sensation de chaleur et de bien-\u00eatre apr\u00e8s l&rsquo;effort. Test\u00e9e dermatologiquement, c&rsquo;est l&rsquo;alli\u00e9e parfaite pour les sportifs exigeants.<\/p>\t\t\t\t\t\t\t\t<\/div>\n\t\t\t\t<\/div>\n\t\t\t\t<div class=\"elementor-element elementor-element-72725905 elementor-widget elementor-widget-button\" data-id=\"72725905\" data-element_type=\"widget\" data-e-type=\"widget\" data-settings=\"{&quot;ekit_we_effect_on&quot;:&quot;none&quot;}\" data-widget_type=\"button.default\">\n\t\t\t\t<div class=\"elementor-widget-container\">\n\t\t\t\t\t\t\t\t\t<div class=\"elementor-button-wrapper\">\n\t\t\t\t\t<a class=\"elementor-button elementor-button-link elementor-size-sm\" href=\"https:\/\/cbdxtremsports.fr\/?page_id=37\">\n\t\t\t\t\t\t<span class=\"elementor-button-content-wrapper\">\n\t\t\t\t\t\t\t\t\t<span class=\"elementor-button-text\">Acheter<\/span>\n\t\t\t\t\t<\/span>\n\t\t\t\t\t<\/a>\n\t\t\t\t<\/div>\n\t\t\t\t\t\t\t\t<\/div>\n\t\t\t\t<\/div>\n\t\t\t\t\t<\/div>\n\t\t<\/div>\n\t\t\t\t<div class=\"elementor-column elementor-col-50 elementor-inner-column elementor-element elementor-element-943708b elementor-hidden-mobile\" data-id=\"943708b\" data-element_type=\"column\" data-e-type=\"column\">\n\t\t\t<div class=\"elementor-widget-wrap elementor-element-populated\">\n\t\t\t\t\t\t<div class=\"elementor-element elementor-element-6603d7b4 elementor-widget elementor-widget-image\" data-id=\"6603d7b4\" data-element_type=\"widget\" data-e-type=\"widget\" data-settings=\"{&quot;ekit_we_effect_on&quot;:&quot;none&quot;}\" data-widget_type=\"image.default\">\n\t\t\t\t<div class=\"elementor-widget-container\">\n\t\t\t\t\t\t\t\t\t\t\t\t\t\t\t<img decoding=\"async\" width=\"154\" height=\"217\" src=\"https:\/\/cbdxtremsports.fr\/wp-content\/uploads\/2022\/07\/Creme_de_soin_musculaire-1.png\" class=\"attachment-large size-large wp-image-344\" alt=\"\" \/>\t\t\t\t\t\t\t\t\t\t\t\t\t\t\t<\/div>\n\t\t\t\t<\/div>\n\t\t\t\t\t<\/div>\n\t\t<\/div>\n\t\t\t\t\t<\/div>\n\t\t<\/section>\n\t\t\t\t<section class=\"elementor-section elementor-top-section elementor-element elementor-element-8390870 elementor-section-boxed elementor-section-height-default elementor-section-height-default\" data-id=\"8390870\" data-element_type=\"section\" data-e-type=\"section\" data-settings=\"{&quot;ekit_has_onepagescroll_dot&quot;:&quot;yes&quot;}\">\n\t\t\t\t\t\t<div class=\"elementor-container elementor-column-gap-default\">\n\t\t\t\t\t<div class=\"elementor-column elementor-col-100 elementor-top-column elementor-element elementor-element-b6fbb7e\" data-id=\"b6fbb7e\" data-element_type=\"column\" data-e-type=\"column\">\n\t\t\t<div class=\"elementor-widget-wrap elementor-element-populated\">\n\t\t\t\t\t\t<div class=\"elementor-element elementor-element-94c2b74 elementor-widget elementor-widget-heading\" data-id=\"94c2b74\" data-element_type=\"widget\" data-e-type=\"widget\" data-settings=\"{&quot;ekit_we_effect_on&quot;:&quot;none&quot;}\" data-widget_type=\"heading.default\">\n\t\t\t\t<div class=\"elementor-widget-container\">\n\t\t\t\t\t<h2 class=\"elementor-heading-title elementor-size-default\">O\u00f9 acheter notre produit ?<\/h2>\t\t\t\t<\/div>\n\t\t\t\t<\/div>\n\t\t\t\t<div class=\"elementor-element elementor-element-8173534 elementor-widget elementor-widget-text-editor\" data-id=\"8173534\" data-element_type=\"widget\" data-e-type=\"widget\" data-settings=\"{&quot;ekit_we_effect_on&quot;:&quot;none&quot;}\" data-widget_type=\"text-editor.default\">\n\t\t\t\t<div class=\"elementor-widget-container\">\n\t\t\t\t\t\t\t\t\t<p>Nous sommes des amoureux du sport et de l&rsquo;am\u00e9lioration des performances de nos sportifs. Nous sommes des experts de cette plante mill\u00e9nale qu&rsquo;est le cannabis et nous travaillons sans rel\u00e2che pour vous offrir les meilleurs produits \u00e0 base de CBD.<\/p>\t\t\t\t\t\t\t\t<\/div>\n\t\t\t\t<\/div>\n\t\t\t\t<section class=\"elementor-section elementor-inner-section elementor-element elementor-element-433beb6 elementor-section-boxed elementor-section-height-default elementor-section-height-default\" data-id=\"433beb6\" data-element_type=\"section\" data-e-type=\"section\" data-settings=\"{&quot;ekit_has_onepagescroll_dot&quot;:&quot;yes&quot;}\">\n\t\t\t\t\t\t<div class=\"elementor-container elementor-column-gap-default\">\n\t\t\t\t\t<div class=\"elementor-column elementor-col-50 elementor-inner-column elementor-element elementor-element-16efa63\" data-id=\"16efa63\" data-element_type=\"column\" data-e-type=\"column\" data-settings=\"{&quot;background_background&quot;:&quot;gradient&quot;}\">\n\t\t\t<div class=\"elementor-widget-wrap elementor-element-populated\">\n\t\t\t\t\t\t<div class=\"elementor-element elementor-element-c4fc78e elementor-widget elementor-widget-text-editor\" data-id=\"c4fc78e\" data-element_type=\"widget\" data-e-type=\"widget\" data-settings=\"{&quot;ekit_we_effect_on&quot;:&quot;none&quot;}\" data-widget_type=\"text-editor.default\">\n\t\t\t\t<div class=\"elementor-widget-container\">\n\t\t\t\t\t\t\t\t\t<p>Professionnel<\/p>\t\t\t\t\t\t\t\t<\/div>\n\t\t\t\t<\/div>\n\t\t\t\t<div class=\"elementor-element elementor-element-f23eb04 elementor-hidden-mobile elementor-widget elementor-widget-heading\" data-id=\"f23eb04\" data-element_type=\"widget\" data-e-type=\"widget\" data-settings=\"{&quot;ekit_we_effect_on&quot;:&quot;none&quot;}\" data-widget_type=\"heading.default\">\n\t\t\t\t<div class=\"elementor-widget-container\">\n\t\t\t\t\t<h2 class=\"elementor-heading-title elementor-size-default\">Paris Genetics<\/h2>\t\t\t\t<\/div>\n\t\t\t\t<\/div>\n\t\t\t\t<div class=\"elementor-element elementor-element-b84eed1 elementor-hidden-mobile elementor-widget elementor-widget-text-editor\" data-id=\"b84eed1\" data-element_type=\"widget\" data-e-type=\"widget\" data-settings=\"{&quot;ekit_we_effect_on&quot;:&quot;none&quot;}\" data-widget_type=\"text-editor.default\">\n\t\t\t\t<div class=\"elementor-widget-container\">\n\t\t\t\t\t\t\t\t\t<p>Le site sp\u00e9cialis\u00e9 dans le B2B<\/p>\t\t\t\t\t\t\t\t<\/div>\n\t\t\t\t<\/div>\n\t\t\t\t<div class=\"elementor-element elementor-element-712ece7 elementor-mobile-align-center elementor-widget elementor-widget-button\" data-id=\"712ece7\" data-element_type=\"widget\" data-e-type=\"widget\" data-settings=\"{&quot;ekit_we_effect_on&quot;:&quot;none&quot;}\" data-widget_type=\"button.default\">\n\t\t\t\t<div class=\"elementor-widget-container\">\n\t\t\t\t\t\t\t\t\t<div class=\"elementor-button-wrapper\">\n\t\t\t\t\t<a class=\"elementor-button elementor-button-link elementor-size-sm\" href=\"https:\/\/parisgenetics.fr\">\n\t\t\t\t\t\t<span class=\"elementor-button-content-wrapper\">\n\t\t\t\t\t\t\t\t\t<span class=\"elementor-button-text\">Aller sur Paris genetics<\/span>\n\t\t\t\t\t<\/span>\n\t\t\t\t\t<\/a>\n\t\t\t\t<\/div>\n\t\t\t\t\t\t\t\t<\/div>\n\t\t\t\t<\/div>\n\t\t\t\t<div class=\"elementor-element elementor-element-5de5e72 elementor-hidden-desktop elementor-hidden-tablet elementor-widget elementor-widget-text-editor\" data-id=\"5de5e72\" data-element_type=\"widget\" data-e-type=\"widget\" data-settings=\"{&quot;ekit_we_effect_on&quot;:&quot;none&quot;}\" data-widget_type=\"text-editor.default\">\n\t\t\t\t<div class=\"elementor-widget-container\">\n\t\t\t\t\t\t\t\t\t<p>Particulier<\/p>\t\t\t\t\t\t\t\t<\/div>\n\t\t\t\t<\/div>\n\t\t\t\t<div class=\"elementor-element elementor-element-0b60de4 elementor-mobile-align-center elementor-hidden-desktop elementor-hidden-tablet elementor-widget elementor-widget-button\" data-id=\"0b60de4\" data-element_type=\"widget\" data-e-type=\"widget\" data-settings=\"{&quot;ekit_we_effect_on&quot;:&quot;none&quot;}\" data-widget_type=\"button.default\">\n\t\t\t\t<div class=\"elementor-widget-container\">\n\t\t\t\t\t\t\t\t\t<div class=\"elementor-button-wrapper\">\n\t\t\t\t\t<a class=\"elementor-button elementor-button-link elementor-size-sm\" href=\"https:\/\/cbdxtremsports.fr\/?page_id=37\">\n\t\t\t\t\t\t<span class=\"elementor-button-content-wrapper\">\n\t\t\t\t\t\t\t\t\t<span class=\"elementor-button-text\">Voir les points de ventes<\/span>\n\t\t\t\t\t<\/span>\n\t\t\t\t\t<\/a>\n\t\t\t\t<\/div>\n\t\t\t\t\t\t\t\t<\/div>\n\t\t\t\t<\/div>\n\t\t\t\t\t<\/div>\n\t\t<\/div>\n\t\t\t\t<div class=\"elementor-column elementor-col-50 elementor-inner-column elementor-element elementor-element-a6a2c1e elementor-hidden-mobile\" data-id=\"a6a2c1e\" data-element_type=\"column\" data-e-type=\"column\" data-settings=\"{&quot;background_background&quot;:&quot;gradient&quot;}\">\n\t\t\t<div class=\"elementor-widget-wrap elementor-element-populated\">\n\t\t\t\t\t\t<div class=\"elementor-element elementor-element-a0a2fa1 elementor-widget elementor-widget-text-editor\" data-id=\"a0a2fa1\" data-element_type=\"widget\" data-e-type=\"widget\" data-settings=\"{&quot;ekit_we_effect_on&quot;:&quot;none&quot;}\" data-widget_type=\"text-editor.default\">\n\t\t\t\t<div class=\"elementor-widget-container\">\n\t\t\t\t\t\t\t\t\t<p>Particulier<\/p>\t\t\t\t\t\t\t\t<\/div>\n\t\t\t\t<\/div>\n\t\t\t\t<div class=\"elementor-element elementor-element-c438738 elementor-widget elementor-widget-heading\" data-id=\"c438738\" data-element_type=\"widget\" data-e-type=\"widget\" data-settings=\"{&quot;ekit_we_effect_on&quot;:&quot;none&quot;}\" data-widget_type=\"heading.default\">\n\t\t\t\t<div class=\"elementor-widget-container\">\n\t\t\t\t\t<h2 class=\"elementor-heading-title elementor-size-default\">Nos points de ventes<\/h2>\t\t\t\t<\/div>\n\t\t\t\t<\/div>\n\t\t\t\t<div class=\"elementor-element elementor-element-e420f50 elementor-widget elementor-widget-text-editor\" data-id=\"e420f50\" data-element_type=\"widget\" data-e-type=\"widget\" data-settings=\"{&quot;ekit_we_effect_on&quot;:&quot;none&quot;}\" data-widget_type=\"text-editor.default\">\n\t\t\t\t<div class=\"elementor-widget-container\">\n\t\t\t\t\t\t\t\t\t<p>D\u00e9couvrez nos points de ventes CBD Xtrem Sports<\/p>\t\t\t\t\t\t\t\t<\/div>\n\t\t\t\t<\/div>\n\t\t\t\t<div class=\"elementor-element elementor-element-fa6fa1b elementor-widget elementor-widget-button\" data-id=\"fa6fa1b\" data-element_type=\"widget\" data-e-type=\"widget\" data-settings=\"{&quot;ekit_we_effect_on&quot;:&quot;none&quot;}\" data-widget_type=\"button.default\">\n\t\t\t\t<div class=\"elementor-widget-container\">\n\t\t\t\t\t\t\t\t\t<div class=\"elementor-button-wrapper\">\n\t\t\t\t\t<a class=\"elementor-button elementor-button-link elementor-size-sm\" href=\"https:\/\/cbdxtremsports.fr\/?page_id=37\">\n\t\t\t\t\t\t<span class=\"elementor-button-content-wrapper\">\n\t\t\t\t\t\t\t\t\t<span class=\"elementor-button-text\">Voir les points de ventes<\/span>\n\t\t\t\t\t<\/span>\n\t\t\t\t\t<\/a>\n\t\t\t\t<\/div>\n\t\t\t\t\t\t\t\t<\/div>\n\t\t\t\t<\/div>\n\t\t\t\t\t<\/div>\n\t\t<\/div>\n\t\t\t\t\t<\/div>\n\t\t<\/section>\n\t\t\t\t\t<\/div>\n\t\t<\/div>\n\t\t\t\t\t<\/div>\n\t\t<\/section>\n\t\t\t\t<section class=\"elementor-section elementor-top-section elementor-element elementor-element-3940e1b elementor-section-boxed elementor-section-height-default elementor-section-height-default\" data-id=\"3940e1b\" data-element_type=\"section\" data-e-type=\"section\" data-settings=\"{&quot;ekit_has_onepagescroll_dot&quot;:&quot;yes&quot;}\">\n\t\t\t\t\t\t<div class=\"elementor-container elementor-column-gap-default\">\n\t\t\t\t\t<div class=\"elementor-column elementor-col-100 elementor-top-column elementor-element elementor-element-1bf78f0\" data-id=\"1bf78f0\" data-element_type=\"column\" data-e-type=\"column\">\n\t\t\t<div class=\"elementor-widget-wrap elementor-element-populated\">\n\t\t\t\t\t\t<div class=\"elementor-element elementor-element-0c829b9 elementor-widget elementor-widget-heading\" data-id=\"0c829b9\" data-element_type=\"widget\" data-e-type=\"widget\" data-settings=\"{&quot;ekit_we_effect_on&quot;:&quot;none&quot;}\" data-widget_type=\"heading.default\">\n\t\t\t\t<div class=\"elementor-widget-container\">\n\t\t\t\t\t<h2 class=\"elementor-heading-title elementor-size-default\">O\u00f9 acheter notre produit ?<\/h2>\t\t\t\t<\/div>\n\t\t\t\t<\/div>\n\t\t\t\t<div class=\"elementor-element elementor-element-74ff42c elementor-widget elementor-widget-text-editor\" data-id=\"74ff42c\" data-element_type=\"widget\" data-e-type=\"widget\" data-settings=\"{&quot;ekit_we_effect_on&quot;:&quot;none&quot;}\" data-widget_type=\"text-editor.default\">\n\t\t\t\t<div class=\"elementor-widget-container\">\n\t\t\t\t\t\t\t\t\t<p><strong>Qu\u2019est-ce que CBD Xtrem Sports ?<\/strong><br \/>CBD Xtrem Sports est une marque fran\u00e7aise d\u00e9di\u00e9e au bien-\u00eatre des sportifs. Nous proposons une solution unique et innovante : une cr\u00e8me musculaire et articulaire enrichie en CBD pour optimiser la r\u00e9cup\u00e9ration et apaiser les tensions apr\u00e8s l&rsquo;effort.<\/p><p><strong>Quel est le produit phare ?<\/strong><br \/>Notre produit exclusif est une <strong>cr\u00e8me musculaire et articulaire au CBD<\/strong>, formul\u00e9e avec des ingr\u00e9dients naturels tels que l\u2019arnica, le camphre et le menthol. Elle soulage les douleurs, r\u00e9duit l\u2019inflammation et favorise une sensation de bien-\u00eatre gr\u00e2ce \u00e0 son effet chauffant.<\/p><p><strong>Pourquoi choisir notre cr\u00e8me au CBD ?<\/strong><br \/>Elle combine les bienfaits du CBD avec des actifs naturels pour offrir une solution efficace et rapide contre les tensions musculaires et articulaires. Sans THC, elle est s\u00fbre et adapt\u00e9e \u00e0 tous les sportifs.<\/p><p><strong>La cr\u00e8me est-elle adapt\u00e9e \u00e0 un usage quotidien ?<\/strong><br \/>Oui, notre cr\u00e8me peut \u00eatre utilis\u00e9e au quotidien, avant ou apr\u00e8s une activit\u00e9 physique, ou d\u00e8s que vous ressentez des tensions musculaires ou articulaires.<\/p><p><strong>Convient-elle \u00e0 tous les types de peaux ?<\/strong><br \/>Oui, notre cr\u00e8me a \u00e9t\u00e9 test\u00e9e dermatologiquement et convient \u00e0 tous les types de peaux, m\u00eame les plus sensibles.<\/p><p><strong>Puis-je utiliser votre cr\u00e8me si je ne fais pas de sport ?<\/strong><br \/>Absolument, elle est id\u00e9ale pour quiconque souffre de douleurs musculaires ou articulaires, qu\u2019elles soient li\u00e9es \u00e0 une activit\u00e9 physique ou \u00e0 un effort quotidien.<\/p><p><strong>O\u00f9 puis-je acheter cette cr\u00e8me ?<\/strong><br \/>Notre cr\u00e8me est disponible chez plusieurs revendeurs comme Gardenz.fr pour les particuliers et Parisgenetics.fr pour les professionnels.<\/p><p><strong>Y a-t-il du THC dans votre cr\u00e8me ?<\/strong><br \/>Non, notre cr\u00e8me est garantie sans THC, vous offrant tous les bienfaits du CBD sans effets psychoactifs.<\/p><p><strong>En quoi cette cr\u00e8me est-elle unique ?<\/strong><br \/>C\u2019est un produit tout-en-un qui allie la puissance naturelle du CBD \u00e0 des actifs apaisants pour offrir une solution innovante, pratique et 100 % naturelle, d\u00e9di\u00e9e aux sportifs et aux personnes actives.<\/p>\t\t\t\t\t\t\t\t<\/div>\n\t\t\t\t<\/div>\n\t\t\t\t\t<\/div>\n\t\t<\/div>\n\t\t\t\t\t<\/div>\n\t\t<\/section>\n\t\t\t\t<\/div>\n\t\t","protected":false},"excerpt":{"rendered":"<p>Qui sommes-nous ? Chez CBD Xtrem Sports, nous sommes une \u00e9quipe passionn\u00e9e de sport et de bien-\u00eatre, d\u00e9di\u00e9e \u00e0 offrir des solutions naturelles pour am\u00e9liorer les performances et la r\u00e9cup\u00e9ration des athl\u00e8tes. Notre mission est de d\u00e9mocratiser l\u2019utilisation du CBD dans le monde sportif en proposant des produits de haute qualit\u00e9. Nous croyons en la [&hellip;]<\/p>\n","protected":false},"author":1,"featured_media":0,"parent":0,"menu_order":0,"comment_status":"closed","ping_status":"closed","template":"elementor_header_footer","meta":{"footnotes":""},"class_list":["post-1159","page","type-page","status-publish","hentry"],"_links":{"self":[{"href":"https:\/\/cbdxtremsports.fr\/index.php?rest_route=\/wp\/v2\/pages\/1159","targetHints":{"allow":["GET"]}}],"collection":[{"href":"https:\/\/cbdxtremsports.fr\/index.php?rest_route=\/wp\/v2\/pages"}],"about":[{"href":"https:\/\/cbdxtremsports.fr\/index.php?rest_route=\/wp\/v2\/types\/page"}],"author":[{"embeddable":true,"href":"https:\/\/cbdxtremsports.fr\/index.php?rest_route=\/wp\/v2\/users\/1"}],"replies":[{"embeddable":true,"href":"https:\/\/cbdxtremsports.fr\/index.php?rest_route=%2Fwp%2Fv2%2Fcomments&post=1159"}],"version-history":[{"count":25,"href":"https:\/\/cbdxtremsports.fr\/index.php?rest_route=\/wp\/v2\/pages\/1159\/revisions"}],"predecessor-version":[{"id":1190,"href":"https:\/\/cbdxtremsports.fr\/index.php?rest_route=\/wp\/v2\/pages\/1159\/revisions\/1190"}],"wp:attachment":[{"href":"https:\/\/cbdxtremsports.fr\/index.php?rest_route=%2Fwp%2Fv2%2Fmedia&parent=1159"}],"curies":[{"name":"wp","href":"https:\/\/api.w.org\/{rel}","templated":true}]}}